{"id":16889,"date":"2023-12-20T11:21:10","date_gmt":"2023-12-20T11:21:10","guid":{"rendered":"https:\/\/posilkowo.pila.pl\/?post_type=product&#038;p=16889"},"modified":"2024-01-05T11:44:51","modified_gmt":"2024-01-05T11:44:51","slug":"kulturystyczna-3000-kcal","status":"publish","type":"product","link":"https:\/\/posilkowo.pila.pl\/index.php\/produkt\/kulturystyczna-3000-kcal\/","title":{"rendered":"KULTURYSTYCZNA (3000 kcal)"},"content":{"rendered":"\t\t<div data-elementor-type=\"wp-post\" data-elementor-id=\"16889\" class=\"elementor elementor-16889\" data-elementor-post-type=\"product\">\n\t\t\t\t\t\t\t<div data-particle_enable=\"false\" data-particle-mobile-disabled=\"false\" class=\"elementor-element elementor-element-4b60152 e-flex e-con-boxed e-con e-parent\" data-id=\"4b60152\" data-element_type=\"container\" data-settings=\"{&quot;content_width&quot;:&quot;boxed&quot;}\" data-core-v316-plus=\"true\">\n\t\t\t\t\t<div class=\"e-con-inner\">\n\t\t<div data-particle_enable=\"false\" data-particle-mobile-disabled=\"false\" class=\"wd-negative-gap elementor-element elementor-element-28d69c7 e-flex e-con-boxed e-con e-child\" data-id=\"28d69c7\" data-element_type=\"container\" data-settings=\"{&quot;content_width&quot;:&quot;boxed&quot;}\">\n\t\t\t\t\t<div class=\"e-con-inner\">\n\t\t\t\t<div class=\"elementor-element elementor-element-3e5ed8b elementor-view-framed elementor-shape-circle elementor-position-top elementor-mobile-position-top elementor-widget elementor-widget-icon-box\" data-id=\"3e5ed8b\" data-element_type=\"widget\" data-widget_type=\"icon-box.default\">\n\t\t\t\t<div class=\"elementor-widget-container\">\n\t\t\t<link rel=\"stylesheet\" href=\"https:\/\/posilkowo.pila.pl\/wp-content\/plugins\/elementor\/assets\/css\/widget-icon-box.min.css\">\t\t<div class=\"elementor-icon-box-wrapper\">\n\t\t\t\t\t\t<div class=\"elementor-icon-box-icon\">\n\t\t\t\t<span  class=\"elementor-icon elementor-animation-\">\n\t\t\t\t<svg xmlns=\"http:\/\/www.w3.org\/2000\/svg\" xmlns:xlink=\"http:\/\/www.w3.org\/1999\/xlink\" id=\"Warstwa_1\" x=\"0px\" y=\"0px\" viewBox=\"0 0 283.46 283.46\" style=\"enable-background:new 0 0 283.46 283.46;\" xml:space=\"preserve\"> <g> <path d=\"M170.96,142.18c3.63-5.95,7.17-11.57,10.54-17.3c2.75-4.68,4.35-9.78,4.44-15.24c0.08-5.03,0.02-10.06,0.02-15.46 c-1.38,0-2.46,0-3.55,0c-9.91,0-19.82,0.03-29.73-0.01c-12.04-0.05-18.52-10.89-12.99-21.53c0.49-0.94,0.37-2.51-0.05-3.56 c-2.22-5.52-4.64-10.97-6.96-16.45c-1.77-4.19-1.19-8.12,1.58-11.68c3.11-3.99,6.28-7.92,9.44-11.86c3.38-4.22,7.6-5.6,12.92-4.23 c13.96,3.6,27.91,7.29,41.98,10.43c8.36,1.87,16.93,2.75,25.4,4.11c4.93,0.79,8.29,3.73,9.17,8.49 c4.25,23.14,12.97,44.95,19.55,67.4c4.13,14.1,7.39,28.34,7.14,43.16c-0.25,14.72-3.97,28.51-10.9,41.49 c-0.83,1.56-1.09,3.57-1.15,5.38c-0.19,5.03,0.38,10.14-0.29,15.1c-1.23,9.11-7.18,14.52-15.5,17.75 c-12.53,4.87-25.55,6.8-38.9,6.42c-6.03-0.17-12.03-1.26-18.05-1.8c-1.09-0.1-2.44,0.1-3.32,0.68 c-17.44,11.64-36.87,14.74-57.31,13.34c-14.33-0.99-27.64-5.47-40.23-12.3c-0.91-0.5-2.57-0.48-3.48,0.02 c-10.1,5.58-20.88,8.53-32.41,8.87c-7.17,0.21-11.45-3.8-11.45-10.99c-0.01-36.71-0.01-73.42,0-110.13 c0-6.95,3.96-10.84,10.9-10.92c12-0.14,23.16,2.86,33.64,8.65c1.1,0.61,3.05,0.88,4.05,0.32c14.7-8.23,30.53-10.11,46.96-8.6 c17.81,1.63,33.6,8.25,47.37,19.66C170.16,141.68,170.6,141.94,170.96,142.18z M64.48,238.8c-0.8-0.59-1.36-1-1.92-1.42 c-3.49-2.59-7-5.14-10.44-7.79c-1.96-1.51-2.44-3.46-0.99-5.57c1.32-1.92,3.59-2.05,5.88-0.44c0.58,0.4,1.09,0.9,1.65,1.33 c24.48,18.87,51.3,29.18,82.75,22.61c7.71-1.61,15.11-3.95,22.03-8.12c-3.4-1.91-6.61-3.58-9.69-5.48 c-2.59-1.6-3.24-3.84-2.04-5.84c1.27-2.11,3.55-2.24,6.38-0.69c3.53,1.94,7.04,4.02,10.79,5.43c11.91,4.46,24.33,4.67,36.79,3.5 c9.49-0.89,18.78-2.8,27.32-7.29c5.25-2.76,8.45-10.21,6.97-15.86c-3.01,1.8-5.02,1.82-6.42-0.02c-1.6-2.08-0.87-3.9,0.63-5.72 c14.23-17.21,19.34-37.16,17.46-59.11c-1.26-14.79-5.56-28.91-10.14-42.92c-5.89-18.03-12.15-35.94-15.6-54.66 c-0.46-2.48-1.92-3.53-4.31-3.91c-10.66-1.71-21.39-3.1-31.93-5.37c-11.52-2.49-22.86-5.8-34.26-8.83 c-2.09-0.56-3.92-0.82-5.46,1.14c-3.05,3.9-6.24,7.69-9.2,11.66c-0.7,0.94-1.29,2.62-0.92,3.58c2.31,5.98,4.9,11.85,7.28,17.46 c5.54-0.57,10.59-1.09,16.03-1.64c-1.43-2.87-2.75-5.25-3.81-7.73c-0.9-2.11-0.45-4.09,1.74-5.16c2.12-1.03,3.99-0.39,5.17,1.66 c1.05,1.83,1.92,3.78,2.88,5.67c2.59,5.11,2.59,5.06,8.27,4.48c2.3-0.23,3.04-1.24,2.35-3.42c-0.46-1.44-0.99-2.87-1.24-4.35 c-0.36-2.19,0.56-3.84,2.78-4.35c2.16-0.5,3.75,0.45,4.6,2.5c0.42,1.02,0.72,2.1,1.08,3.15c2.73,7.84-1.22,13.69-9.54,14.34 c-8.66,0.68-17.31,1.45-25.96,2.32c-3.83,0.38-6.09,2.95-5.97,6.33c0.12,3.44,2.59,6,6.32,6.02c12.84,0.08,25.68,0.15,38.52-0.05 c5.8-0.09,9.82-3.29,12.1-8.6c1.16-2.69,2.2-5.42,3.34-8.12c0.94-2.24,2.72-3.05,4.92-2.22c2.37,0.9,3.03,2.86,2.23,5.2 c-0.62,1.81-1.5,3.53-2.12,5.34c-2.65,7.76-7.49,13.26-15.57,15.63c-0.64,0.19-1.35,1.39-1.39,2.15 c-0.15,3.43-0.18,6.88-0.05,10.31c0.39,10.19-2.68,19.22-8.51,27.53c-8.43,12.02-12.55,25.24-10.29,40.04 c0.81,5.29,1.41,10.69,5.69,14.62c1.86,1.71,2.31,3.63,0.65,5.58c-1.65,1.95-3.89,1.93-5.66,0.36c-1.7-1.51-3.38-3.32-4.33-5.35 c-5.3-11.3-5.74-23.19-3.45-35.24c0.43-2.25-0.09-3.51-1.72-4.92c-14.57-12.56-31.41-18.99-50.66-19.49 c-12.47-0.32-24.35,1.65-35.37,7.68c-9.99,5.46-17.37,13.36-22.01,23.81c-1.39,3.13-3.65,4.27-5.89,2.96 c-2.51-1.46-2.36-3.54-1.3-6.01c3.21-7.46,7.85-13.85,13.81-19.33c0.56-0.51,1.04-1.1,1.72-1.84c-8.68-4.69-17.62-7.1-27.19-7.19 c-4.52-0.04-4.55-0.03-4.55,4.54c0,35.79,0,71.58,0,107.38c0,0.61,0.02,1.21,0,1.82c-0.06,1.76,0.78,2.67,2.53,2.65 C46.77,245.46,55.77,243.31,64.48,238.8z\"><\/path> <path d=\"M111.72,194.68c-16.61-0.4-32.69-4.96-47.06-14.97c-1.02-0.71-2.35-1.81-2.45-2.83c-0.13-1.38,0.4-3.23,1.35-4.22 c1.44-1.52,3.26-0.7,4.98,0.25c5.36,2.99,10.58,6.41,16.26,8.63c22.64,8.86,44.72,6.5,66.17-4.28c3.86-1.94,6.24-1.82,7.46,0.51 c1.27,2.41,0.14,4.38-3.71,6.4C141.5,191.1,127.4,194.47,111.72,194.68z\"><\/path> <\/g> <\/svg>\t\t\t\t<\/span>\n\t\t\t<\/div>\n\t\t\t\t\t\t<div class=\"elementor-icon-box-content\">\n\t\t\t\t<h3 class=\"elementor-icon-box-title\">\n\t\t\t\t\t<span  >\n\t\t\t\t\t\t30-32%\t\t\t\t\t<\/span>\n\t\t\t\t<\/h3>\n\t\t\t\t\t\t\t\t\t<p class=\"elementor-icon-box-description\">\n\t\t\t\t\t\tBia\u0142ko\t\t\t\t\t<\/p>\n\t\t\t\t\t\t\t<\/div>\n\t\t<\/div>\n\t\t\t\t<\/div>\n\t\t\t\t<\/div>\n\t\t\t\t\t<\/div>\n\t\t\t\t<\/div>\n\t\t<div data-particle_enable=\"false\" data-particle-mobile-disabled=\"false\" class=\"elementor-element elementor-element-606bdee e-con-full e-flex e-con e-child\" data-id=\"606bdee\" data-element_type=\"container\" data-settings=\"{&quot;content_width&quot;:&quot;full&quot;}\">\n\t\t\t\t<div class=\"elementor-element elementor-element-23ad76f elementor-view-framed elementor-shape-circle elementor-position-top elementor-mobile-position-top elementor-widget elementor-widget-icon-box\" data-id=\"23ad76f\" data-element_type=\"widget\" data-widget_type=\"icon-box.default\">\n\t\t\t\t<div class=\"elementor-widget-container\">\n\t\t\t\t\t<div class=\"elementor-icon-box-wrapper\">\n\t\t\t\t\t\t<div class=\"elementor-icon-box-icon\">\n\t\t\t\t<span  class=\"elementor-icon elementor-animation-\">\n\t\t\t\t<svg xmlns=\"http:\/\/www.w3.org\/2000\/svg\" xmlns:xlink=\"http:\/\/www.w3.org\/1999\/xlink\" id=\"Warstwa_1\" x=\"0px\" y=\"0px\" viewBox=\"0 0 283.46 283.46\" style=\"enable-background:new 0 0 283.46 283.46;\" xml:space=\"preserve\"> <g> <path d=\"M161.21,105.69c1.81-6.14,3.4-12.04,5.3-17.84c3.23-9.87,7.81-19.09,14.31-27.22c4.81-6.02,10.39-11.17,17.68-14.19 c10.56-4.39,20.4-2.71,29.67,3.43c9.7,6.42,15.88,15.77,20.76,26.01c5.97,12.52,9.5,25.77,11.36,39.53 c1.31,9.66,2.06,19.34,1.8,29.06c-0.36,13.56-1.97,26.98-5.77,40.07c-0.06,0.22-0.12,0.45-0.19,0.67 c-1.22,3.5-1.08,6.55,0.78,10.15c4.51,8.7,5.81,18.28,5.15,28.01c-0.55,8.16-6.34,13.55-14.55,14.04 c-1.04,0.06-2.09,0.02-3.13,0.02c-59.9,0-119.81-0.03-179.71,0.04c-7.55,0.01-8.18-1.83-7.88-8.01c0.13-2.77-0.1-5.57,0.06-8.34 c0.13-2.12-0.67-3.39-2.45-4.48c-7.16-4.41-13.23-10.07-18.59-16.55c-6.59-7.95-11.4-16.85-14.67-26.61 c-3.29-9.84-4.79-19.99-5.16-30.33c-0.02-0.58-0.03-1.16,0.01-1.74c0.2-3.38,1.55-4.79,5.02-4.86c4.52-0.09,9.04-0.12,13.56,0.01 c2.11,0.06,3.44-0.42,4.21-2.58c1.12-3.14,3.32-5.56,6.16-7.3c1.45-0.89,2.38-1.98,2.93-3.65c1.57-4.7,4.99-7.43,9.85-8.19 c1.4-0.22,2.28-0.72,3.05-1.89c2.6-3.94,6.47-5.84,11.05-6.38c1.19-0.14,2.16-0.29,2.91-1.45c3.6-5.51,8.96-7.1,15.12-6.07 c2.07,0.35,3.37-0.01,4.93-1.34c2.95-2.52,6.54-3.49,10.39-2.84c1.48,0.25,2.58,0.05,3.88-0.73c5.67-3.41,11.42-3.36,17.07,0.1 c1.04,0.64,1.94,0.95,3.22,0.71c4.37-0.81,8.29,0.33,11.56,3.35c1.05,0.97,2.01,1.19,3.43,0.9c6.44-1.3,11.94,0.19,15.91,5.8 C160.42,105.24,160.78,105.38,161.21,105.69z M210.71,145.21c-5.4-0.73-183.39-0.5-186.17,0.2c0,1.75-0.27,3.62,0.05,5.38 c1.1,6.02,2.02,12.12,3.73,17.98c5.05,17.33,15.19,31.04,30.3,41.01c1.78,1.17,3.65,1.78,5.86,1.77c15.3-0.07,30.6-0.03,45.9-0.05 c1.11,0,2.22-0.14,3.37-0.22c1.18-7.63,3.45-14.52,7.28-20.85c7.76-12.8,18.91-21.05,33.36-24.89c5.87-1.56,11.85-1.92,17.89-1.91 c10.89,0.02,21.79,0.02,32.68,0c3.02-0.01,3.04-0.06,3.74-2.9c0.36-1.46,0.77-2.92,0.94-4.41 C210.06,152.69,210.35,149.04,210.71,145.21z M248.49,182.21c0.41-1.12,0.68-1.64,0.81-2.2c2.1-8.91,3.66-17.95,4.23-27.06 c0.77-12.26,0.56-24.54-1.37-36.73c-2-12.63-5.11-24.93-10.68-36.52c-3.75-7.8-8.33-14.97-14.85-20.76 c-8.97-7.96-20.94-9.08-30.59-1.91c-5,3.71-8.96,8.31-12.31,13.53c-6.93,10.77-10.97,22.66-13.79,35.04 c-0.4,1.75-0.08,3.11,1.39,4.3c1.16,0.93,2.19,2.09,3.04,3.31c0.75,1.07,1.65,1.41,2.87,1.6c4.85,0.79,8.29,3.46,9.87,8.18 c0.56,1.65,1.47,2.76,2.93,3.67c2.51,1.56,4.41,3.73,5.78,6.35c0.58,1.11,1.12,2.24,1.75,3.51c5.18,0,10.27-0.02,15.37,0.01 c4.52,0.02,6.22,1.59,6.08,6.02c-0.12,3.93-0.49,7.85-0.94,11.76c-0.37,3.3-1.01,6.57-1.58,10.15 C229.07,166.83,239.7,172.53,248.49,182.21z M192.5,172.25c-0.24,0.51-0.42,0.71-0.43,0.92c-0.06,3.71-0.05,7.41-0.15,11.12 c-0.04,1.38-0.11,2.8-0.48,4.11c-0.68,2.42-2.81,3.36-5.18,2.52c-2.1-0.74-2.69-2.42-2.72-4.39c-0.05-3.59,0-7.19-0.03-10.78 c-0.01-1.12-0.14-2.23-0.22-3.41c-3.95,0-7.57,0-11.51,0c0,4.46,0.01,8.61,0,12.77c-0.02,4.16-1.26,6.02-4.05,6.14 c-2.91,0.12-4.3-1.82-4.35-6.22c-0.04-3.36,0.01-6.72-0.03-10.08c-0.01-0.87-0.22-1.73-0.35-2.7 c-10.15,1.13-18.86,4.88-26.17,11.54c-11.8,10.76-16.33,24.38-15.05,40.09c0.24,2.95,2.23,4.79,5.24,5.06 c1.15,0.1,2.32,0.06,3.47,0.06c38.13,0,76.27,0,114.4,0c1.04,0,2.09,0.03,3.13-0.04c3.31-0.21,5.5-2.14,5.71-5.39 c0.42-6.74,0.12-13.45-2.1-19.91c-4.23-12.32-12.22-21.41-23.88-27.2c-4.77-2.37-9.89-3.65-15.41-4.21 c-0.11,1.16-0.26,2.06-0.27,2.96c-0.03,3.82,0.06,7.65-0.05,11.47c-0.09,2.96-1.69,4.59-4.16,4.57c-2.47-0.03-3.96-1.64-4.09-4.64 c-0.1-2.31-0.03-4.64-0.03-6.95c0-2.39,0-4.79,0-7.39C199.7,172.25,196.15,172.25,192.5,172.25z M46.84,136.17 c6.16,0.75,138.54,0.47,141.6-0.43c-1.83-1.23-3.18-2.61-4.81-3.14c-3.02-0.98-4.21-2.78-4.28-5.89c-0.07-3.16-1.69-4.25-4.82-3.76 c-3.46,0.53-4.59-0.07-5.94-3.18c-1.87-4.31-3.4-5.21-8.05-4.72c-3.85,0.4-4.7-0.07-6.13-3.46c-2.05-4.85-5.97-6.12-10.32-3.32 c-3.36,2.15-5.5,1.71-7.22-1.9c-1.32-2.78-3.38-4.34-7.49-2.73c-2.64,1.03-4.3,0.51-6.2-1.25c-3.83-3.55-7.57-3.57-11.38-0.02 c-1.9,1.77-3.57,2.41-6.19,1.26c-3.14-1.38-6.02-0.55-7.51,2.72c-1.66,3.66-3.86,4.08-7.21,1.93c-4.33-2.78-8.32-1.51-10.37,3.28 c-0.09,0.21-0.16,0.44-0.25,0.65c-1.17,2.61-2.3,3.26-5.14,2.95c-5.48-0.6-6.63,0.06-9.08,5.26c-1.09,2.31-2.52,3.08-4.99,2.72 c-4.09-0.61-5.1,0.12-5.55,4.3c-0.28,2.55-1.26,4.34-3.94,5.04C49.71,132.97,48.03,133.98,46.84,136.17z M112.91,220.25 c-5.17-0.7-45.3-0.46-47.85,0.27c0,2.69,0,5.39,0,8.24c16.55,0,32.83,0,49.29,0C113.85,225.81,113.4,223.12,112.91,220.25z\"><\/path> <path d=\"M205.67,86.04c0,2.18-2.35,4.46-4.52,4.38c-2.22-0.07-4.46-2.36-4.42-4.51c0.05-2.32,2.23-4.47,4.46-4.38 C203.41,81.62,205.68,83.9,205.67,86.04z\"><\/path> <path d=\"M234.18,103.16c2.19-0.04,4.39,2.22,4.37,4.47c-0.02,2.1-2.41,4.41-4.55,4.39c-2.13-0.02-4.49-2.43-4.42-4.52 C229.64,105.39,231.96,103.2,234.18,103.16z\"><\/path> <path d=\"M235.93,155.11c-2.16-0.1-4.36-2.45-4.33-4.61c0.03-2.04,2.6-4.34,4.7-4.2c2.2,0.14,4.42,2.51,4.32,4.6 C240.51,153.04,238.09,155.21,235.93,155.11z\"><\/path> <path d=\"M207.35,114.07c2.58,0.04,4.27,1.83,4.19,4.42c-0.07,2.27-1.98,4.2-4.17,4.18c-2.39-0.01-4.46-2.02-4.45-4.33 C202.93,115.94,204.91,114.03,207.35,114.07z\"><\/path> <path d=\"M117.93,109.53c2.21,0.07,4.37,2.41,4.27,4.63c-0.11,2.33-2.29,4.39-4.55,4.3c-2.33-0.09-4.44-2.31-4.3-4.54 C113.48,111.7,115.81,109.46,117.93,109.53z\"><\/path> <path d=\"M86.01,121.09c2.36,0.08,4.46,2.24,4.35,4.48c-0.12,2.36-2.17,4.19-4.63,4.13c-2.41-0.06-4.42-2.1-4.35-4.41 C81.45,123.03,83.67,121.01,86.01,121.09z\"><\/path> <path d=\"M151.75,125.12c-0.02,2.53-1.91,4.51-4.23,4.44c-2.34-0.07-4.32-2.11-4.34-4.48c-0.02-2.28,2.06-4.4,4.38-4.47 C149.83,120.54,151.78,122.64,151.75,125.12z\"><\/path> <\/g> <\/svg>\t\t\t\t<\/span>\n\t\t\t<\/div>\n\t\t\t\t\t\t<div class=\"elementor-icon-box-content\">\n\t\t\t\t<h3 class=\"elementor-icon-box-title\">\n\t\t\t\t\t<span  >\n\t\t\t\t\t\t48-50%\t\t\t\t\t<\/span>\n\t\t\t\t<\/h3>\n\t\t\t\t\t\t\t\t\t<p class=\"elementor-icon-box-description\">\n\t\t\t\t\t\tW\u0119glowodany\t\t\t\t\t<\/p>\n\t\t\t\t\t\t\t<\/div>\n\t\t<\/div>\n\t\t\t\t<\/div>\n\t\t\t\t<\/div>\n\t\t\t\t<\/div>\n\t\t<div data-particle_enable=\"false\" data-particle-mobile-disabled=\"false\" class=\"elementor-element elementor-element-196856b e-con-full e-flex e-con e-child\" data-id=\"196856b\" data-element_type=\"container\" data-settings=\"{&quot;content_width&quot;:&quot;full&quot;}\">\n\t\t\t\t<div class=\"elementor-element elementor-element-e2227db elementor-view-framed elementor-shape-circle elementor-position-top elementor-mobile-position-top elementor-widget elementor-widget-icon-box\" data-id=\"e2227db\" data-element_type=\"widget\" data-widget_type=\"icon-box.default\">\n\t\t\t\t<div class=\"elementor-widget-container\">\n\t\t\t\t\t<div class=\"elementor-icon-box-wrapper\">\n\t\t\t\t\t\t<div class=\"elementor-icon-box-icon\">\n\t\t\t\t<span  class=\"elementor-icon elementor-animation-\">\n\t\t\t\t<svg xmlns=\"http:\/\/www.w3.org\/2000\/svg\" xmlns:xlink=\"http:\/\/www.w3.org\/1999\/xlink\" id=\"Warstwa_1\" x=\"0px\" y=\"0px\" viewBox=\"0 0 283.46 283.46\" style=\"enable-background:new 0 0 283.46 283.46;\" xml:space=\"preserve\"> <g> <path d=\"M130.01,248.26c-12.23,7.43-24.01,6.02-35.66-1.54c-4.1,2.8-8.58,4.76-13.47,5.83c-12.1,2.66-26.03-2.55-33.18-12.53 c-8.42-11.75-6.26-27.64,5.07-37.09c1.2-1,2.47-1.92,3.94-3.06c-0.91-0.97-1.69-1.83-2.5-2.66c-8.93-9.25-16.66-19.39-21.95-31.15 c-2.17-4.84-3.73-9.99-5.22-15.09c-1.21-4.14,1.71-7.17,5.93-6.17c4.02,0.96,8.01,2.23,11.86,3.76 c6.74,2.68,12.95,6.38,18.88,10.53c2.59,1.81,3.2,3.53,1.95,5.37c-1.25,1.84-3.18,1.95-5.69,0.2c-7.27-5.05-14.93-9.32-23.41-12 c-0.62-0.2-1.26-0.33-2.4-0.62c0.57,1.91,0.94,3.42,1.47,4.86c5.04,13.61,13.35,25.09,23.25,35.51c1.36,1.43,2.62,3.34,4.32,3.96 c1.53,0.56,3.59-0.34,5.41-0.63c1.15-0.18,2.28-0.41,3.73-0.68c-0.89-0.94-1.54-1.67-2.23-2.35c-4.62-4.62-9.24-9.24-13.87-13.86 c-0.42-0.42-0.86-0.82-1.26-1.26c-1.58-1.77-1.7-3.62-0.35-5.04c1.4-1.47,3.11-1.41,4.97,0.22c0.6,0.52,1.13,1.11,1.69,1.66 c6.79,6.79,13.63,13.54,20.36,20.39c2.22,2.26,5.29,2.54,7.93,3.8c0.43,0.2,1.31-0.54,2.19-0.94c-0.47-0.83-0.75-1.43-1.12-1.98 c-4.65-6.81-9.99-13.04-15.92-18.76c-0.71-0.69-1.48-1.34-2.1-2.1c-1.18-1.43-1.11-3.4,0.05-4.6c1.2-1.24,3.13-1.4,4.56-0.11 c2.2,1.99,4.25,4.15,6.36,6.23c0.67,0.66,1.36,1.32,2.39,2.31c0-1.28,0.04-2.03-0.01-2.79c-0.74-13.34,0.43-26.5,3.96-39.41 c2.02-7.38,4.83-14.44,8.95-20.93c2.78-4.37,6.44-4.38,9.27,0.02c5.04,7.84,8.02,16.51,10.1,25.52c0.69,2.98,1.21,5.99,1.88,9.3 c0.89-0.61,1.61-1.07,2.29-1.58c7.63-5.74,16.08-9.74,25.49-11.42c4.96-0.89,7.92-4.41,7.88-9.47 c-0.14-16.34-0.05-32.68-0.06-49.01c0-0.77-0.08-1.54-0.11-2.22c-2.3-0.52-4.52-0.71-6.46-1.55c-2.04-0.88-4.17-2.06-5.61-3.69 c-2.42-2.72-4.52-5.77-6.39-8.9c-2.19-3.68,0.48-8.02,4.9-8.2c3.26-0.13,6.53-0.03,9.8-0.03c0.98,0,1.96,0,3.3,0 c-1.27-4.26-2.45-8.21-3.62-12.16c-0.47-1.61-1.04-3.21-1.32-4.86c-0.68-4.02,1.54-6.84,5.63-7c3.86-0.16,7.72-0.05,11.58-0.06 c8.91,0,17.82,0,26.74,0c0.89,0,1.79-0.03,2.67,0.04c4.13,0.33,6.46,3.34,5.51,7.39c-0.74,3.17-1.8,6.27-2.7,9.41 c-0.65,2.27-1.28,4.55-1.92,6.82c7.58,2.36,10.73,5.69,10.77,11.28c0.03,5.62-3.2,9.1-10.66,11.39c0,8.33,0,16.69,0,25.26 c1.61-0.23,3.05-0.43,4.48-0.65c7.32-1.14,14.16,0.32,20.62,3.81c0.35,0.19,0.7,0.37,1.03,0.59c1.81,1.23,2.35,3.26,1.3,4.86 c-1.03,1.59-2.73,2-4.68,0.89c-3.22-1.83-6.63-3.01-10.29-3.62c-4.24-0.7-8.26,0.06-12.43,1.36c0,2.07,0,4.1,0,6.18 c9.3-3.19,17.76-2.32,24.36,5.44c6.21,7.29,6.34,15.42,1.94,24c1.56,1.02,3.1,2.02,4.77,3.11c3.17-4.54,4.2-9.47,4.11-14.72 c-0.06-3.4-0.66-6.69-2.11-9.8c-0.29-0.63-0.62-1.25-0.84-1.9c-0.63-1.87-0.01-3.46,1.62-4.27c1.57-0.79,3.54-0.36,4.28,1.43 c1.35,3.27,2.72,6.62,3.36,10.07c1.55,8.34-0.41,16.11-5,23.48c0.74,0.78,1.45,1.55,2.19,2.3c12.43,12.64,18.65,27.85,18.22,45.54 c-0.57,23.4-15.99,42.72-36.29,49.96c-6.32,2.25-12.82,3.28-19.5,3.29c-15.05,0.01-30.1-0.01-45.15,0.01 C145.53,253.21,137.54,251.68,130.01,248.26z M140.57,233.12c4.57,1.89,9.18,2.23,13.85,2.23c14.65,0.01,29.31,0.02,43.96-0.02 c2.57-0.01,5.18-0.04,7.7-0.49c17.97-3.25,28.69-17.36,30.44-30.83c0.08-0.58,0.21-1.17,0.42-1.72c0.67-1.76,2.01-2.59,3.66-2.33 c1.72,0.27,2.88,1.69,2.78,3.64c-0.07,1.28-0.27,2.56-0.55,3.81c-4.57,20.33-22.12,34.56-42.96,34.69 c-15.74,0.1-31.49,0.06-47.23-0.03c-2.75-0.02-5.51-0.5-8.24-0.93c-2.21-0.35-4.39-0.94-6.64-1.44c-0.79,1.17-1.51,2.23-2.29,3.38 c0.63,0.31,1.12,0.65,1.67,0.82c4.54,1.45,9.17,2.46,13.97,2.46c16.83-0.01,33.66,0.06,50.5-0.03c9.48-0.05,18.08-3.09,25.82-8.5 c18.8-13.13,26.17-37.02,16.76-59.93c-7.53-18.31-21.22-29.63-40.64-33.88c-5.02-1.1-8.86-3.75-11.16-8.47 c-1.26-2.59-1.35-5.34-1.35-8.12c-0.01-15.84,0-31.68-0.01-47.53c0-1.14-0.07-2.28-0.11-3.37c-9.63,0-18.89,0-28.35,0 c0,1.39,0,2.56,0,3.74c0,15.64-0.01,31.29,0.01,46.93c0,3.42-0.46,6.71-2.29,9.69c-2.69,4.39-6.84,6.31-11.72,7.26 c-9.96,1.94-18.56,6.62-26.1,13.34c-1.05,0.93-1.55,1.95-1.36,3.38c0.16,1.15,0.14,2.32,0.19,3.46c0.25,0.03,0.39,0.08,0.44,0.04 c0.52-0.45,1.05-0.89,1.53-1.39c4.23-4.4,9.07-7.97,14.59-10.56c4.85-2.27,9.82-4.29,15.29-4.3c15.64-0.02,31.29,0.03,46.93,0.07 c1.18,0,2.4,0.02,3.54,0.3c16.51,4.06,28.49,13.73,35.67,29.16c1.32,2.85,2.18,5.94,3.02,8.98c0.57,2.03-0.52,3.73-2.29,4.2 c-1.77,0.48-3.4-0.49-4.09-2.49c-0.39-1.12-0.69-2.27-1.05-3.4c-3.16-9.89-9.07-17.74-17.7-23.46c-6.46-4.28-13.42-6.85-21.42-6.7 c-13.86,0.26-27.72,0.03-41.58,0.07c-1.76,0-3.59,0.14-5.28,0.6c-11.48,3.12-20.42,9.73-26.74,19.84 c-0.41,0.66-0.88,1.39-0.97,2.14c-0.68,5.57-1.27,11.16-1.88,16.73C135.59,200.98,144.17,217.14,140.57,233.12z M113.73,246.35 c11.68,0.02,20.37-8.21,20.94-19.82c0.72-14.74-12.69-27.97-27.44-27.42c-11.25,0.42-20.64,9.46-19.88,22.38 C88.15,235.02,100.18,246.32,113.73,246.35z M89.44,242.19c-4.89-5.77-7.83-11.73-8.59-18.63c-0.75-6.86,0.59-13.31,4.26-19.19 c-10.08-5.1-23.86-1.9-30.83,6.44c-6.68,7.99-6.75,18.66-0.06,26.65c6.86,8.19,18.3,10.8,28.39,7.68 C84.84,244.45,86.92,243.29,89.44,242.19z M104.03,121.31c-0.26-0.03-0.53-0.06-0.79-0.09c-0.87,1.76-1.79,3.49-2.59,5.28 c-5.06,11.37-7.46,23.37-7.92,35.72c-0.26,7,0.34,14.03,0.51,21.05c0.09,3.58,1.19,6.69,3.47,9.52c1.2,1.49,2.1,1.5,3.58,0.31 c0-0.95,0-2.03,0-3.11c0-11.49,0-22.98,0-34.46c0-0.89-0.05-1.79,0.06-2.67c0.22-1.7,1.3-2.74,2.88-2.88 c1.64-0.15,3.13,0.86,3.52,2.55c0.2,0.85,0.14,1.77,0.14,2.66c0.01,11.29,0.01,22.58,0.01,33.87c0,1.06,0,2.11,0,3.33 c2.06,0,3.72,0,5.72,0C116.62,167.81,115.24,143.97,104.03,121.31z M190.64,54.24c1.66-5.75,3.25-11.29,4.86-16.88 c-4.95-0.64-36.06-0.42-38.28,0.29c1.66,5.54,3.33,11.07,4.99,16.59C171.79,54.24,181.06,54.24,190.64,54.24z M144.24,60.94 c0.78,1.25,1.34,2.04,1.81,2.89c2.35,4.27,5.88,5.84,10.79,5.75c12.76-0.24,25.53-0.08,38.29-0.08c0.89,0,1.79,0.04,2.67-0.06 c2.24-0.23,3.97-1.95,4.08-3.99c0.12-2.1-1.67-4.15-3.97-4.45c-0.88-0.11-1.78-0.05-2.67-0.05c-12.57,0-25.13,0-37.7,0 C153.29,60.94,149.04,60.94,144.24,60.94z M218,141.37c2.28-2.85,2.65-5.95,2.35-9.15c-0.92-9.92-12.86-15.42-21.05-9.75 c-1.06,0.73-1.73,1.51-1.61,2.88c0.1,1.18-0.01,2.37,0.03,3.55c0.14,4.54,2.45,7.37,6.83,8.42c1.91,0.46,3.84,0.89,5.72,1.46 C212.8,139.55,215.29,140.45,218,141.37z\"><\/path> <path d=\"M93.72,212.95c0.06-1.89,5.45-7.62,7.36-7.48c1.03,0.07,2.39,0.75,2.9,1.59c0.51,0.84,0.64,2.59,0.1,3.27 c-1.65,2.06-3.51,4.07-5.65,5.57C96.34,217.34,93.64,215.46,93.72,212.95z\"><\/path> <path d=\"M54.22,224c0-0.99-0.09-1.99,0.02-2.96c0.22-1.94,1.54-3.2,3.24-3.24c1.6-0.04,3.12,1.03,3.29,2.82 c0.23,2.34,0.24,4.74,0.01,7.09c-0.17,1.83-1.59,2.78-3.31,2.74c-1.74-0.04-2.95-1.05-3.19-2.88c-0.15-1.17-0.03-2.37-0.03-3.55 C54.25,224,54.23,224,54.22,224z\"><\/path> <\/g> <\/svg>\t\t\t\t<\/span>\n\t\t\t<\/div>\n\t\t\t\t\t\t<div class=\"elementor-icon-box-content\">\n\t\t\t\t<h3 class=\"elementor-icon-box-title\">\n\t\t\t\t\t<span  >\n\t\t\t\t\t\t20%\t\t\t\t\t<\/span>\n\t\t\t\t<\/h3>\n\t\t\t\t\t\t\t\t\t<p class=\"elementor-icon-box-description\">\n\t\t\t\t\t\tT\u0142uszcze\t\t\t\t\t<\/p>\n\t\t\t\t\t\t\t<\/div>\n\t\t<\/div>\n\t\t\t\t<\/div>\n\t\t\t\t<\/div>\n\t\t\t\t<\/div>\n\t\t\t\t\t<\/div>\n\t\t\t\t<\/div>\n\t\t<div data-particle_enable=\"false\" data-particle-mobile-disabled=\"false\" class=\"wd-negative-gap elementor-element elementor-element-7cffbae e-flex e-con-boxed e-con e-parent\" data-id=\"7cffbae\" data-element_type=\"container\" data-settings=\"{&quot;content_width&quot;:&quot;boxed&quot;}\" data-core-v316-plus=\"true\">\n\t\t\t\t\t<div class=\"e-con-inner\">\n\t\t\t\t<div class=\"elementor-element elementor-element-7bd8836 color-scheme-inherit text-left elementor-widget elementor-widget-text-editor\" data-id=\"7bd8836\" data-element_type=\"widget\" data-widget_type=\"text-editor.default\">\n\t\t\t\t<div class=\"elementor-widget-container\">\n\t\t\t<style>\/*! elementor - v3.18.0 - 20-12-2023 *\/\n.elementor-widget-text-editor.elementor-drop-cap-view-stacked .elementor-drop-cap{background-color:#69727d;color:#fff}.elementor-widget-text-editor.elementor-drop-cap-view-framed .elementor-drop-cap{color:#69727d;border:3px solid;background-color:transparent}.elementor-widget-text-editor:not(.elementor-drop-cap-view-default) .elementor-drop-cap{margin-top:8px}.elementor-widget-text-editor:not(.elementor-drop-cap-view-default) .elementor-drop-cap-letter{width:1em;height:1em}.elementor-widget-text-editor .elementor-drop-cap{float:left;text-align:center;line-height:1;font-size:50px}.elementor-widget-text-editor .elementor-drop-cap-letter{display:inline-block}<\/style>\t\t\t\t<p>W t\u0119 pe\u0142n\u0105 mocy diet\u0119 powinien zanurzy\u0107 si\u0119 ka\u017cdy m\u0119\u017cczyzna i ka\u017cda kobieta, pragn\u0105cy osi\u0105gn\u0105\u0107 mistrzowsk\u0105 form\u0119 podczas trening\u00f3w na si\u0142owni. Dieta Kulturystyczna to nie tylko narz\u0119dzie do redukcji tkanki t\u0142uszczowej, ale r\u00f3wnie\u017c strategia umo\u017cliwiaj\u0105ca utrzymanie maksymalnej ilo\u015bci wypracowanych mi\u0119\u015bni. To r\u00f3wnie\u017c klucz do budowania masy mi\u0119\u015bniowej przy zachowaniu optymalnego poziomu kalorii.<\/p><p>W tych codziennych rytua\u0142ach \u017cywieniowych kryje si\u0119 tajemnica harmonii pomi\u0119dzy sk\u0142adnikami od\u017cywczymi, precyzyjnie dostosowanymi do indywidualnych cel\u00f3w. Zatem, je\u015bli d\u0105\u017cysz do wyj\u0105tkowej sylwetki, zdecyduj si\u0119 na Diet\u0119 Kulturystyczn\u0105 \u2013 wyb\u00f3r mistrz\u00f3w w dziedzinie formy i si\u0142y!<\/p><p>Dieta 5 posi\u0142kowa gdzie drugie \u015bniadanie stanowi tak\u017ce posi\u0142ek po treningu i jest jego cz\u0119\u015bci\u0105, jak klient trenuje rano to po \u015bniadaniu standardowo jak p\u00f3\u017aniej to zjada I \u015bniadanie, obiad nr1 obiad nr2 posi\u0142ek po treningu (w dzie\u0144 wolny II \u015bniadanie) i kolacje<\/p>\t\t\t\t\t\t<\/div>\n\t\t\t\t<\/div>\n\t\t\t\t\t<\/div>\n\t\t\t\t<\/div>\n\t\t<div data-particle_enable=\"false\" data-particle-mobile-disabled=\"false\" class=\"elementor-element elementor-element-e9f9a9c e-con-full e-flex e-con e-parent\" data-id=\"e9f9a9c\" data-element_type=\"container\" data-settings=\"{&quot;content_width&quot;:&quot;full&quot;,&quot;background_background&quot;:&quot;classic&quot;}\" data-core-v316-plus=\"true\">\n\t\t\t\t<div class=\"elementor-element elementor-element-ba9416a color-scheme-inherit text-left elementor-widget elementor-widget-text-editor\" data-id=\"ba9416a\" data-element_type=\"widget\" data-widget_type=\"text-editor.default\">\n\t\t\t\t<div class=\"elementor-widget-container\">\n\t\t\t\t\t\t\t<p>Zam\u00f3w dzi\u015b do: <strong>16<sup>00<\/sup><\/strong><\/p>\t\t\t\t\t\t<\/div>\n\t\t\t\t<\/div>\n\t\t\t\t<div class=\"elementor-element elementor-element-2416604 color-scheme-inherit text-left elementor-widget elementor-widget-text-editor\" data-id=\"2416604\" data-element_type=\"widget\" data-widget_type=\"text-editor.default\">\n\t\t\t\t<div class=\"elementor-widget-container\">\n\t\t\t\t\t\t\t<p>zam\u00f3wienie zrealizujemy w ci\u0105gu 48h!<\/p>\t\t\t\t\t\t<\/div>\n\t\t\t\t<\/div>\n\t\t\t\t<div class=\"elementor-element elementor-element-a6330a4 color-scheme-inherit text-left elementor-widget elementor-widget-text-editor\" data-id=\"a6330a4\" data-element_type=\"widget\" data-widget_type=\"text-editor.default\">\n\t\t\t\t<div class=\"elementor-widget-container\">\n\t\t\t\t\t\t\t<p><strong>Przyk\u0142adowo:<\/strong> Zam\u00f3w w poniedzia\u0142ek <strong>do godz. 16:00<\/strong> Twoja dieta rozpocznie si\u0119 <strong>od \u015brody<\/strong>. <br \/>Zamawiaj\u0105c<strong> po 16:00<\/strong> w poniedzia\u0142ek, Twoja dieta wystartuje<strong> od czwartku<\/strong>.<\/p>\t\t\t\t\t\t<\/div>\n\t\t\t\t<\/div>\n\t\t\t\t<\/div>\n\t\t<div data-particle_enable=\"false\" data-particle-mobile-disabled=\"false\" class=\"wd-negative-gap elementor-element elementor-element-c410339 e-flex e-con-boxed e-con e-parent\" data-id=\"c410339\" data-element_type=\"container\" data-settings=\"{&quot;content_width&quot;:&quot;boxed&quot;}\" data-core-v316-plus=\"true\">\n\t\t\t\t\t<div class=\"e-con-inner\">\n\t\t\t\t\t<\/div>\n\t\t\t\t<\/div>\n\t\t\t\t\t\t\t<\/div>\n\t\t","protected":false},"excerpt":{"rendered":"<p>Dieta Kulturystyczna \u2013 kulminacja najwy\u017cszego poziomu pe\u0142nowarto\u015bciowego bia\u0142ka, stworzonej z my\u015bl\u0105 o pasjonatach sportu si\u0142owego, niezale\u017cnie od tego, czy prowadz\u0105 treningi profesjonalnie, czy te\u017c po prostu z mi\u0142o\u015bci do wyzwa\u0144. To nie tylko dieta; to fundament, na kt\u00f3rym buduje si\u0119 estetyczn\u0105 sylwetk\u0119, odzwierciedlaj\u0105c\u0105 si\u0142\u0119 i determinacj\u0119.<\/p>\n","protected":false},"featured_media":17049,"template":"","meta":[],"product_cat":[21],"product_tag":[],"_links":{"self":[{"href":"https:\/\/posilkowo.pila.pl\/index.php\/wp-json\/wp\/v2\/product\/16889"}],"collection":[{"href":"https:\/\/posilkowo.pila.pl\/index.php\/wp-json\/wp\/v2\/product"}],"about":[{"href":"https:\/\/posilkowo.pila.pl\/index.php\/wp-json\/wp\/v2\/types\/product"}],"version-history":[{"count":5,"href":"https:\/\/posilkowo.pila.pl\/index.php\/wp-json\/wp\/v2\/product\/16889\/revisions"}],"predecessor-version":[{"id":17082,"href":"https:\/\/posilkowo.pila.pl\/index.php\/wp-json\/wp\/v2\/product\/16889\/revisions\/17082"}],"wp:featuredmedia":[{"embeddable":true,"href":"https:\/\/posilkowo.pila.pl\/index.php\/wp-json\/wp\/v2\/media\/17049"}],"wp:attachment":[{"href":"https:\/\/posilkowo.pila.pl\/index.php\/wp-json\/wp\/v2\/media?parent=16889"}],"wp:term":[{"taxonomy":"product_cat","embeddable":true,"href":"https:\/\/posilkowo.pila.pl\/index.php\/wp-json\/wp\/v2\/product_cat?post=16889"},{"taxonomy":"product_tag","embeddable":true,"href":"https:\/\/posilkowo.pila.pl\/index.php\/wp-json\/wp\/v2\/product_tag?post=16889"}],"curies":[{"name":"wp","href":"https:\/\/api.w.org\/{rel}","templated":true}]}}