{"id":3,"date":"2023-11-17T11:43:41","date_gmt":"2023-11-17T11:43:41","guid":{"rendered":"https:\/\/posilkowo.pila.pl\/?page_id=3"},"modified":"2024-01-11T08:28:45","modified_gmt":"2024-01-11T08:28:45","slug":"privacy-policy","status":"publish","type":"page","link":"https:\/\/posilkowo.pila.pl\/index.php\/privacy-policy\/","title":{"rendered":"Polityka prywatno\u015bci"},"content":{"rendered":"\n<h2 class=\"wp-block-heading\">POLITYKA Prywatno\u015bci.<br>Przetwarzanie i Ochrona Danych Osobowych<\/h2>\n\n\n\n<p>Administratorem danych osobowych (w rozumieniu ROZPORZ\u0104DZENIA PARLAMENTU EUROPEJSKIEGO I RADY (UE) 2016\/679 z dnia 27 kwietnia 2016 r. w sprawie ochrony os\u00f3b fizycznych w zwi\u0105zku z przetwarzaniem danych osobowych i w sprawie swobodnego przep\u0142ywu takich danych oraz uchylenia dyrektywy 95\/46\/WE (og\u00f3lne rozporz\u0105dzenie o ochronie danych) \u2013 zwane dalej RODO ) w odniesieniu do danych osobowych U\u017cytkownik\u00f3w jest<\/p>\n\n\n\n<p><br>Ma\u0142gorzata Piechota<br>MIckiewicza 127\/5, 64-920 Pi\u0142a<br>NIP 7642338968<br>REGON 525762226<\/p>\n\n\n\n<ol>\n<li>Podanie danych osobowych, a tak\u017ce zgoda na ich przetwarzanie s\u0105 ca\u0142kowicie dobrowolne. Wszelkie przekazane nam dane osobowe s\u0105 przetwarzane wy\u0142\u0105cznie w zakresie i celu, na jaki KLIENT wyrazi\u0142 zgod\u0119. W przypadku, gdy KLIENT nie poda niezb\u0119dnych do realizacji zam\u00f3wienia danych i nie wyrazi zgody na ich przetwarzanie, zrealizowanie zam\u00f3wienia mo\u017ce by\u0107 niemo\u017cliwe.<\/li>\n\n\n\n<li>Dane osobowe, podane podczas rejestracji lub sk\u0142adania zam\u00f3wienia s\u0105 przetwarzane:\n<ul>\n<li>w celu \u015bwiadczenia us\u0142ugi za\u0142o\u017cenia i prowadzenia konta w Sklepie internetowym \u2013 podstaw\u0105 prawn\u0105 przetwarzania jest niezb\u0119dno\u015b\u0107 przetwarzania do wykonania umowy (art. 6 ust. 1 lit b RODO),<\/li>\n\n\n\n<li>prowadzenia dzia\u0142a\u0144 marketingu bezpo\u015bredniego co stanowi prawnie uzasadniony interes Administratora (podstawa prawna przetwarzania danych art. 6 ust. 1 lit f) RODO). Marketing bezpo\u015bredni poprzez korespondencje na podany adres mailowy, prowadzone s\u0105 w oparciu o odr\u0119bn\u0105 zgod\u0119 na wykorzystanie odpowiedniego kana\u0142u komunikacji na podstawie ustawy o \u015bwiadczeniu us\u0142ug drog\u0105 elektroniczn\u0105 (art. 10 ) oraz ustawy prawo telekomunikacyjne (art. 172) w celu marketingu produkt\u00f3w lub us\u0142ug w\u0142asnych \u2013<\/li>\n\n\n\n<li>w celu realizacji z\u0142o\u017conego zam\u00f3wienia.<\/li>\n<\/ul>\n<\/li>\n\n\n\n<li>Administrator zapewnia bezpiecze\u0144stwo przekazanych danych oraz realizacj\u0119 uprawnie\u0144 U\u017cytkownik\u00f3w, wynikaj\u0105cych z rozporz\u0105dzenia RODO.<\/li>\n\n\n\n<li>KLIENT ma prawo dost\u0119pu do tre\u015bci swoich danych osobowych oraz \u017c\u0105dania ich sprostowania lub ca\u0142kowitego usuni\u0119cia lub ograniczenia prawa przetwarzania swoich danych osobowych.<ul><li>&#8211; je\u017celi podstaw\u0105 przetwarzania by\u0142a udzielona zgoda osoby &#8211; to zgoda mo\u017ce by\u0107 odwo\u0142ana w ka\u017cdym momencie,<\/li><li>&#8211; je\u017celi podstaw\u0105 prawn\u0105 jest niezb\u0119dno\u015b\u0107 przetwarzania danych do wykonania umowy &#8211; usuni\u0119cie danych mo\u017ce by\u0107 niemo\u017cliwe &#8211; je\u017celi przetwarzanie jest wymagane przez obowi\u0105zuj\u0105ce przepisy (np. finansowo-ksi\u0119gowe)<\/li><li>&#8211; je\u017celi podstaw\u0105 prawn\u0105 jest prawnie usprawiedliwiony interes Administratora to KLIENT posiada prawo do wniesienia sprzeciwu przeciwko przetwarzaniu jego danych.<\/li><\/ul>Dla realizacji w\/w \u017c\u0105da\u0144 mo\u017cna skorzysta\u0107 z funkcji w programie serwisu aktualizacji danych konta u\u017cytkownika lub prosz\u0119 wys\u0142a\u0107 zg\u0142oszenie (np. na podany adres e-mail) z okre\u015bleniem \u017c\u0105dania wprowadzenia zmian lub usuni\u0119cia danych z ewidencji. Klient ma prawo do odwo\u0142ania udzielonej zgody w ka\u017cdym momencie.<\/li>\n\n\n\n<li>ADMINISTRATOR mo\u017ce odm\u00f3wi\u0107 usuni\u0119cia danych U\u017cytkownika wy\u0142\u0105cznie w przypadkach wskazanych przez obowi\u0105zuj\u0105ce przepisy, w szczeg\u00f3lno\u015bci je\u017celi U\u017cytkownik nie uregulowa\u0142 wszystkich nale\u017cno\u015bci wobec ADMINISTRATORA.<\/li>\n\n\n\n<li>Dane osobowe U\u017cytkownik\u00f3w, przetwarzane s\u0105 w celu nawi\u0105zania, ukszta\u0142towania, zawarcia, zmiany lub rozwi\u0105zania Umowy pomi\u0119dzy Us\u0142ugodawc\u0105 i Klientem oraz zrealizowania Umowy sprzeda\u017cy lub umowy o \u015bwiadczenie Us\u0142ugi elektronicznej opisanej w REGULAMINIE .<\/li>\n\n\n\n<li>Dane osobowe U\u017cytkownik\u00f3w mog\u0105 by\u0107 przekazywane podmiotom trzecim tylko w zakresie niezb\u0119dnym do zrealizowania umowy na zasadach opisanych w REGULAMINIE. W szczeg\u00f3lno\u015bci w celu realizacji umowy i dostarczenia zam\u00f3wionych produkt\u00f3w oraz przes\u0142ania korespondencji do klienta dane mog\u0105 by\u0107 przekazane: Poczcie Polskiej lub wybranej firmie kurierskiej.<\/li>\n\n\n\n<li>Dane osobowe mog\u0105 by\u0107 przekazane innym podmiotom, je\u017celi wynika to z innych przepis\u00f3w lub prawnych obowi\u0105zk\u00f3w Administratora.<\/li>\n\n\n\n<li>Dla zrealizowania umowy i dostarczenia produkt\u00f3w konieczne jest podanie nast\u0119puj\u0105cych danych osobowych KLIENTA:\n<ul>\n<li>nazwisko i imi\u0119;<\/li>\n\n\n\n<li>adres do wysy\u0142ki produkt\u00f3w;<\/li>\n\n\n\n<li>adres e-mail;<\/li>\n\n\n\n<li>numer telefonu kontaktowego;<\/li>\n\n\n\n<li>w przypadku firmy dodatkowo NIP.<\/li>\n<\/ul>\n<\/li>\n\n\n\n<li>Dane osobowe s\u0105 przetwarzane wy\u0142\u0105cznie przez okres niezb\u0119dny do realizacji umowy lub realizacji celu, dla kt\u00f3rego zgoda by\u0142a udzielona.\n<ul>\n<li>&#8211; dla utrzymania konta w bazie Serwisu Internetowego &#8211; podstaw\u0105 przetwarzania tych danych jest umowa (regulamin), kt\u00f3ry zosta\u0142 zaakceptowany przez U\u017cytkownika. Dane te b\u0119dziemy przetwarza\u0107 tak d\u0142ugo dop\u00f3ki U\u017cytkownik nie wypowie zawartej umowy lub do czasu przedawnienia ewentualnych roszcze\u0144;<\/li>\n\n\n\n<li>&#8211; dane w dokumentach sprzeda\u017cy &#8211; przez okres wymagany przepisami o ksi\u0119gowo\u015bci;<\/li>\n\n\n\n<li>&#8211; dane adresowe wykorzystywane do przesy\u0142ania informacji marketingowej dotycz\u0105cej us\u0142ug w\u0142asnych Administratora &#8211; (podstaw\u0105 przetwarzania jest uzasadniony interes prawny Administratora &#8211; art. 6 ust. 1 lit. f RODO). Dane te b\u0119dziemy przetwarza\u0107 tak d\u0142ugo, dop\u00f3ki U\u017cytkownik nie z\u0142o\u017cy sprzeciwu wobec przetwarzania danych w tym celu.<\/li>\n<\/ul>\n<\/li>\n\n\n\n<li>Klientowi przys\u0142uguje prawo wniesienia skargi do organu nadzorczego \u2013 Urz\u0119du Ochrony Danych Osobowych (UODO) je\u017celi ma zastrze\u017cenia do przetwarzania jego danych osobowych przez ADMINISTRATORA.<\/li>\n<\/ol>\n\n\n\n<h2 class=\"wp-block-heading\">Polityka dotycz\u0105ca wykorzystania cookies<\/h2>\n\n\n\n<p>Niniejsza Polityka okre\u015bla zasady tworzenia, przechowywania i dost\u0119pu do informacji na urz\u0105dzeniach U\u017cytkownika za pomoc\u0105 plik\u00f3w Cookies w celu zrealizowania drog\u0105 elektroniczn\u0105 us\u0142ug \u017c\u0105danych przez U\u017cytkownika. Zasady u\u017cytkowania cookies oparte s\u0105 o postanowienia Ustawy z dnia 16 lipca 2004 r. Prawo telekomunikacyjne &#8211; wraz z p\u00f3\u017aniejszymi zmianami.<\/p>\n\n\n\n<h3 class=\"wp-block-heading\">I. Informacja og\u00f3lna o cookies<\/h3>\n\n\n\n<ol>\n<li>Administrator w celu \u015bwiadczenia us\u0142ug drog\u0105 elektroniczn\u0105 tworzy i przechowuje tymczasowe pliki i uzyskuje dost\u0119p do wybranych informacji w urz\u0105dzeniach U\u017cytkownika.<\/li>\n\n\n\n<li>Cookies &#8211; oznacza dane binarne, najcz\u0119\u015bciej niewielkie pliki tekstowe, zapisywane i przechowywane na urz\u0105dzeniach U\u017cytkownika, kt\u00f3re s\u0105 wykorzystywane w j\u0119zykach programowania do sprawniejszej komunikacji serwisu internetowego i u\u017cytkownika.<\/li>\n\n\n\n<li>Pliki Cookies tworzone na urz\u0105dzeniach u\u017cytkownika mog\u0105 pochodzi\u0107 zar\u00f3wno z systemu Administratora (t.zw. Cookies w\u0142asne) jak i te\u017c z zewn\u0119trznych program\u00f3w nadzoruj\u0105cych komunikacj\u0119 w internecie (t.zw. Cookies zewn\u0119trzne np. pochodz\u0105ce z serwis\u00f3w Google i innych).<\/li>\n\n\n\n<li>U\u017cytkownik ma mo\u017cliwo\u015b\u0107 ograniczenia lub wy\u0142\u0105czenia dost\u0119pu plik\u00f3w cookies do swojego Urz\u0105dzenia. W przypadku skorzystania z tej opcji korzystanie z Serwisu b\u0119dzie mo\u017cliwe, poza funkcjami, kt\u00f3re ze swojej natury wymagaj\u0105 plik\u00f3w cookies.<\/li>\n\n\n\n<li>Je\u017celi u\u017cytkownik po zapoznaniu si\u0119 z niniejsz\u0105 informacj\u0105 pozostawi ustawienia aktualnie u\u017cywanego urz\u0105dzenia ko\u0144cowego (w szczeg\u00f3lno\u015bci ustawienia przegl\u0105darki)zezwalaj\u0105ce na stosowanie cookies to w my\u015bl art.173 ust.2 u\u017cytkownik wyrazi\u0142 zgod\u0119 na wykorzystywanie cookies na aktualnie przegl\u0105danej stronie i podstronach.<\/li>\n<\/ol>\n\n\n\n<h3 class=\"wp-block-heading\">II. Cele stosowania cookies<\/h3>\n\n\n\n<ol>\n<li>Ciasteczka i podobne technologie u\u017cywane s\u0105 w witrynach internetowych w celu zapewnienia poprawnej transmisji danych pomi\u0119dzy po\u0142\u0105czonymi komputerami. Maj\u0105 one bardzo szerokie zastosowanie , pomagaj\u0105 dostosowa\u0107 zawarto\u015b\u0107 strony ustawie\u0144 w komputerze odbiorcy, zapami\u0119tuj\u0105 preferowany wygl\u0105d strony, np. ustawiony rozmiar czcionki, zapewniaj\u0105 wykonanie przez u\u017cytkownika kilku etapowych czynno\u015bci (np. dodania artyku\u0142u, dokonania zakupu w sklepie internetowym). Ciasteczka mog\u0105 te\u017c by\u0107 wykorzystywane do dopasowania wy\u015bwietlanych reklam do zainteresowa\u0144 odwiedzaj\u0105cych witryny. Mo\u017cna powiedzie\u0107, \u017ce technologia \u201eciasteczek\u201d jest niezb\u0119dna do prawid\u0142owego wy\u015bwietlania stron interaktywnych.<\/li>\n\n\n\n<li>Opr\u00f3cz ciasteczek wysy\u0142anych ze strony z kt\u00f3ra si\u0119 \u0142\u0105czymy, pliki cookies mog\u0105 by\u0107 wysy\u0142ane tak\u017ce z serwer\u00f3w stron, do kt\u00f3rych si\u0119 odwo\u0142uj\u0105, np. Google, YouTube czy serwisy spo\u0142eczno\u015bciowe jak Facebook, Twitter i inne.<\/li>\n\n\n\n<li>Najog\u00f3lniej mo\u017cemy podzieli\u0107 Cookies na dwa typy plik\u00f3w:\n<ul>\n<li>cookies sesyjne: s\u0105 przechowywane na Urz\u0105dzeniu U\u017cytkownika i pozostaj\u0105 tam do momentu zako\u0144czenia sesji danej przegl\u0105darki. Zapisane informacje s\u0105 w\u00f3wczas trwale usuwane z pami\u0119ci Urz\u0105dzenia. Mechanizm cookies sesyjnych nie pozwala na pobieranie jakichkolwiek danych osobowych ani \u017cadnych informacji poufnych z Urz\u0105dzenia U\u017cytkownika;<\/li>\n\n\n\n<li>cookies trwa\u0142e: s\u0105 przechowywane na Urz\u0105dzeniu U\u017cytkownika i pozostaj\u0105 tam do momentu ich skasowania. Zako\u0144czenie sesji danej przegl\u0105darki lub wy\u0142\u0105czenie Urz\u0105dzenia nie powoduje ich usuni\u0119cia z Urz\u0105dzenia U\u017cytkownika. Mechanizm cookies trwa\u0142ych nie pozwala na pobieranie jakichkolwiek danych osobowych ani \u017cadnych informacji poufnych z Urz\u0105dzenia U\u017cytkownika.<\/li>\n<\/ul>\n<\/li>\n\n\n\n<li>W normalnej sytuacji stosowane Cookies s\u0105 bezpieczne dla u\u017cytkownika. Przy prawid\u0142owym ich stosowaniu nie jest mo\u017cliwe przedostanie si\u0119 do Urz\u0105dze\u0144 U\u017cytkownik\u00f3w wirus\u00f3w lub innego niechcianego oprogramowania lub oprogramowania z\u0142o\u015bliwego. Pliki te pozwalaj\u0105 zidentyfikowa\u0107 oprogramowanie wykorzystywane przez U\u017cytkownika. Cookies zazwyczaj zawieraj\u0105 nazw\u0119 domeny z kt\u00f3rej pochodz\u0105, czas przechowywania ich na Urz\u0105dzeniu (jest ograniczony) oraz przypisan\u0105 warto\u015b\u0107 (klucz).<\/li>\n\n\n\n<li>Pliki cookies nie gromadz\u0105 \u017cadnych danych osobowych, w tym nazwisk i adres\u00f3w e-mail.<\/li>\n\n\n\n<li>Ka\u017cdy u\u017cytkownik mo\u017ce zmieni\u0107 ustawienia dotycz\u0105ce ciasteczek w u\u017cywanej przez siebie przegl\u0105darce, w tym zupe\u0142nie wy\u0142\u0105czy\u0107 mo\u017cliwo\u015b\u0107 ich zapisywania. Je\u015bli u\u017cytkownik nie wy\u0142\u0105cza mo\u017cliwo\u015bci zapisywania ciasteczek pochodz\u0105cych z r\u00f3\u017cnych witryn, oznacza to w praktyce, ze wyra\u017ca zgod\u0119 na ich zapisywanie i przechowywanie w komputerze.<\/li>\n\n\n\n<li>U\u017cytkownik mo\u017ce w ka\u017cdej chwili usun\u0105\u0107 pliki Cookies korzystaj\u0105c z dost\u0119pnych funkcji w przegl\u0105darce internetowej, kt\u00f3rej u\u017cywa.<\/li>\n\n\n\n<li>Je\u017celi zdecydujesz si\u0119 na odrzucenie wszystkich ciasteczek, nie b\u0119dzie mo\u017cliwe korzystanie z niekt\u00f3rych tre\u015bci tre\u015bci i us\u0142ug udost\u0119pnianych w naszym serwisie.<\/li>\n\n\n\n<li>U\u017cytkownik mo\u017ce w ka\u017cdej chwili usun\u0105\u0107 pliki Cookies korzystaj\u0105c z dost\u0119pnych funkcji w przegl\u0105darce internetowej, kt\u00f3rej u\u017cywa.<\/li>\n\n\n\n<li>Nale\u017cy zaznaczy\u0107, \u017ce technologia Cookies jest wykorzystywana przez haker\u00f3w do infekowania komputer\u00f3w i wprowadzania z\u0142o\u015bliwego oprogramowania. Technologia Cookies, kt\u00f3ra ma zapewni\u0107 prawid\u0142ow\u0105 komunikacj\u0119 z serwerem strony jest w tym przypadku wykorzystywana niezgodnie ze swoim przeznaczeniem. Ochron\u0119 przed takim atakiem jak i te\u017c innymi formami pr\u00f3b hakerskich powinien zawsze stanowi\u0107 przede wszystkim dobry program ochrony antywirusowej.<\/li>\n\n\n\n<li>ADMINITRATOR mo\u017ce wykorzysta\u0107 &#8222;cookies&#8221; w nast\u0119puj\u0105cych mi.in. w nast\u0119puj\u0105cych celach na odwiedzanej przez Pa\u0144stwa stronie:\n<ul>\n<li>&#8211; konfiguracji serwisu,<\/li>\n\n\n\n<li>&#8211; zapami\u0119tanie ustawie\u0144 wybranych przez U\u017cytkownika,<\/li>\n\n\n\n<li>&#8211; zapami\u0119tanie historii odwiedzonych stron w serwisie w celu rekomendacji tre\u015bci,<\/li>\n\n\n\n<li>&#8211; zapami\u0119tywanie zawarto\u015bci koszyka U\u017cytkownika,<\/li>\n\n\n\n<li>&#8211; zapami\u0119tywanie rozmiaru czcionki, wygl\u0105du strony internetowej itp.<\/li>\n\n\n\n<li>&#8211; uwierzytelniania u\u017cytkownika w serwisie i zapewnienia sesji u\u017cytkownika w serwisie,<\/li>\n\n\n\n<li>&#8211; optymalizacji i zwi\u0119kszenia wydajno\u015bci us\u0142ug \u015bwiadczonych na stronie,<\/li>\n\n\n\n<li>&#8211; dostosowania zawarto\u015bci stron internetowych Serwisu do preferencji U\u017cytkownika oraz optymalizacji korzystania ze stron internetowych Serwisu. W szczeg\u00f3lno\u015bci pliki te pozwalaj\u0105 rozpozna\u0107 podstawowe parametry Urz\u0105dzenia U\u017cytkownika (np. rozdzielczo\u015b\u0107 monitora) i odpowiednio wy\u015bwietli\u0107 stron\u0119 internetow\u0105, dostosowan\u0105 do parametr\u00f3w monitora;<\/li>\n\n\n\n<li>&#8211; \u015bwiadczenia us\u0142ug reklamowych \u2013 czyli dostosowania prezentowanych za po\u015brednictwem Serwisu reklam us\u0142ug i produkt\u00f3w firm trzecich;<\/li>\n\n\n\n<li>&#8211; zapewnienia bezpiecze\u0144stwa i niezawodno\u015bci Serwisu.<\/li>\n<\/ul>\n<\/li>\n<\/ol>\n","protected":false},"excerpt":{"rendered":"<p>POLITYKA Prywatno\u015bci.Przetwarzanie i Ochrona Danych Osobowych Administratorem danych osobowych (w rozumieniu ROZPORZ\u0104DZENIA PARLAMENTU EUROPEJSKIEGO I RADY (UE) 2016\/679 z dnia<\/p>\n","protected":false},"author":1,"featured_media":0,"parent":0,"menu_order":0,"comment_status":"closed","ping_status":"open","template":"","meta":{"footnotes":""},"_links":{"self":[{"href":"https:\/\/posilkowo.pila.pl\/index.php\/wp-json\/wp\/v2\/pages\/3"}],"collection":[{"href":"https:\/\/posilkowo.pila.pl\/index.php\/wp-json\/wp\/v2\/pages"}],"about":[{"href":"https:\/\/posilkowo.pila.pl\/index.php\/wp-json\/wp\/v2\/types\/page"}],"author":[{"embeddable":true,"href":"https:\/\/posilkowo.pila.pl\/index.php\/wp-json\/wp\/v2\/users\/1"}],"replies":[{"embeddable":true,"href":"https:\/\/posilkowo.pila.pl\/index.php\/wp-json\/wp\/v2\/comments?post=3"}],"version-history":[{"count":2,"href":"https:\/\/posilkowo.pila.pl\/index.php\/wp-json\/wp\/v2\/pages\/3\/revisions"}],"predecessor-version":[{"id":17375,"href":"https:\/\/posilkowo.pila.pl\/index.php\/wp-json\/wp\/v2\/pages\/3\/revisions\/17375"}],"wp:attachment":[{"href":"https:\/\/posilkowo.pila.pl\/index.php\/wp-json\/wp\/v2\/media?parent=3"}],"curies":[{"name":"wp","href":"https:\/\/api.w.org\/{rel}","templated":true}]}}